{"id":54,"date":"2020-03-03T23:28:47","date_gmt":"2020-03-03T23:28:47","guid":{"rendered":"http:\/\/sabses-hundesalon.de\/?page_id=54"},"modified":"2022-02-28T18:07:04","modified_gmt":"2022-02-28T18:07:04","slug":"datenschutz","status":"publish","type":"page","link":"https:\/\/sabses-hundesalon.de\/?page_id=54","title":{"rendered":"Datenschutz"},"content":{"rendered":"\n<h4 class=\"wp-block-heading\">Grundlegendes<\/h4>\n\n\n\n<h4 class=\"wp-block-heading\">&nbsp;<\/h4>\n\n\n\n<p>Diese Datenschutzerkl\u00e4rung soll die Nutzer dieser Website \u00fcber die Art, den Umfang und den Zweck der Erhebung und Verwendung personenbezogener Daten durch den Websitebetreiber  <br><strong>Sabrina Kestermann<br>Walramstr.23<br>65510 Idstein<br>Telefon Mobil: +49 151 50100124<br>email: info@sabses-hundesalon.de <\/strong><br> informieren.<\/p>\n\n\n\n<p>Der Websitebetreiber nimmt Ihren Datenschutz\nsehr ernst und behandelt Ihre personenbezogenen Daten vertraulich und\nentsprechend der gesetzlichen Vorschriften. Da durch neue Technologien und die\nst\u00e4ndige Weiterentwicklung dieser Webseite \u00c4nderungen an dieser\nDatenschutzerkl\u00e4rung vorgenommen werden k\u00f6nnen, empfehlen wir Ihnen sich die\nDatenschutzerkl\u00e4rung in regelm\u00e4\u00dfigen Abst\u00e4nden wieder durchzulesen.<\/p>\n\n\n\n<p>Definitionen der verwendeten Begriffe (z.B.\n\u201cpersonenbezogene Daten\u201d oder \u201cVerarbeitung\u201d) finden Sie in Art. 4 DSGVO.<\/p>\n\n\n\n<h4 class=\"wp-block-heading\">Zugriffsdaten<\/h4>\n\n\n\n<p>Wir, der Websitebetreiber bzw. Seitenprovider,\nerheben aufgrund unseres berechtigten Interesses (s. Art. 6 Abs. 1 lit. f.\nDSGVO) Daten \u00fcber Zugriffe auf die Website und speichern diese als\n\u201eServer-Logfiles\u201c auf dem Server der Website ab. Folgende Daten werden so\nprotokolliert:<\/p>\n\n\n\n<ul class=\"wp-block-list\"><li>Besuchte\nWebsite<\/li><li>Uhrzeit\nzum Zeitpunkt des Zugriffes<\/li><li>Menge\nder gesendeten Daten in Byte<\/li><li>Quelle\/Verweis,\nvon welchem Sie auf die Seite gelangten<\/li><li>Verwendeter\nBrowser<\/li><li>Verwendetes\nBetriebssystem<\/li><li>Verwendete\nIP-Adresse<\/li><\/ul>\n\n\n\n<p>Die Server-Logfiles werden f\u00fcr maximal 7 Tage\ngespeichert und anschlie\u00dfend gel\u00f6scht. Die Speicherung der Daten erfolgt aus\nSicherheitsgr\u00fcnden, um z. B. Missbrauchsf\u00e4lle aufkl\u00e4ren zu k\u00f6nnen. M\u00fcssen Daten\naus Beweisgr\u00fcnden aufgehoben werden, sind sie solange von der L\u00f6schung\nausgenommen bis der Vorfall endg\u00fcltig gekl\u00e4rt ist.<\/p>\n","protected":false},"excerpt":{"rendered":"<p>Grundlegendes &nbsp; Diese Datenschutzerkl\u00e4rung soll die Nutzer dieser Website \u00fcber die Art, den Umfang und den Zweck der Erhebung und Verwendung personenbezogener Daten durch den Websitebetreiber Sabrina KestermannWalramstr.2365510 IdsteinTelefon Mobil: +49 151 50100124email: info@sabses-hundesalon.de informieren. Der Websitebetreiber nimmt Ihren Datenschutz sehr ernst und behandelt Ihre personenbezogenen Daten vertraulich und entsprechend der gesetzlichen Vorschriften. Da durch [&hellip;]<\/p>\n","protected":false},"author":1,"featured_media":0,"parent":0,"menu_order":0,"comment_status":"closed","ping_status":"closed","template":"","meta":{"footnotes":""},"class_list":["post-54","page","type-page","status-publish","hentry","wpbf-post"],"_links":{"self":[{"href":"https:\/\/sabses-hundesalon.de\/index.php?rest_route=\/wp\/v2\/pages\/54","targetHints":{"allow":["GET"]}}],"collection":[{"href":"https:\/\/sabses-hundesalon.de\/index.php?rest_route=\/wp\/v2\/pages"}],"about":[{"href":"https:\/\/sabses-hundesalon.de\/index.php?rest_route=\/wp\/v2\/types\/page"}],"author":[{"embeddable":true,"href":"https:\/\/sabses-hundesalon.de\/index.php?rest_route=\/wp\/v2\/users\/1"}],"replies":[{"embeddable":true,"href":"https:\/\/sabses-hundesalon.de\/index.php?rest_route=%2Fwp%2Fv2%2Fcomments&post=54"}],"version-history":[{"count":4,"href":"https:\/\/sabses-hundesalon.de\/index.php?rest_route=\/wp\/v2\/pages\/54\/revisions"}],"predecessor-version":[{"id":194,"href":"https:\/\/sabses-hundesalon.de\/index.php?rest_route=\/wp\/v2\/pages\/54\/revisions\/194"}],"wp:attachment":[{"href":"https:\/\/sabses-hundesalon.de\/index.php?rest_route=%2Fwp%2Fv2%2Fmedia&parent=54"}],"curies":[{"name":"wp","href":"https:\/\/api.w.org\/{rel}","templated":true}]}}